{"id":123,"date":"2012-08-05T13:39:48","date_gmt":"2012-08-05T13:39:48","guid":{"rendered":"http:\/\/dev.adelberg-online.de\/?page_id=123"},"modified":"2016-04-07T06:23:58","modified_gmt":"2016-04-07T06:23:58","slug":"mensa-chemnitz","status":"publish","type":"page","link":"https:\/\/coffee21.de\/?page_id=123","title":{"rendered":"Mensa Chemnitz"},"content":{"rendered":"<h1><a href=\"http:\/\/dev.adelberg-online.de\/wp-content\/uploads\/2012\/08\/icon_256.png\"><img loading=\"lazy\" decoding=\"async\" class=\"alignnone size-thumbnail wp-image-135\" title=\"Mensa Chemnitz\" src=\"http:\/\/dev.adelberg-online.de\/wp-content\/uploads\/2012\/08\/icon_256-150x150.png\" alt=\"\" width=\"150\" height=\"150\" srcset=\"https:\/\/coffee21.de\/wp-content\/uploads\/2012\/08\/icon_256-150x150.png 150w, https:\/\/coffee21.de\/wp-content\/uploads\/2012\/08\/icon_256.png 256w\" sizes=\"auto, (max-width: 150px) 100vw, 150px\" \/><\/a><\/h1>\n<h1>Einf\u00fchrung<\/h1>\n<p>Die Anwendung zeigt den aktuellen Men\u00fc Plan der Mensa Chemnitz an. Mit Hilfe der Pfeiltasten kann zwischen einzelnen Tagen gewechselt werden, wobei der Home-Button wieder zum aktuellem Datum zur\u00fcckf\u00fchrt. \u00dcber den Einstellungen-Button wird die verwendete Mensa konfiguriert.<\/p>\n<h1>Technische Details<\/h1>\n<p>Die Anwendung basiert auf dem <a title=\"Enyo\" href=\"http:\/\/enyojs.com\" target=\"_blank\">Enyo<\/a> Framework und verwendet als Datenquelle den WebService des Studentenwerks Chemnitz-Zwickau. Ziel ist eine Anwendung zu implementieren die auf verschiedensten Plattformen verteilt werden kann. Der Begriff Plattformen bezieht sich hierbei auf Desktop Systeme wie Windows, MacOS und Linux sowie auch mobile Systeme wie Android, iOS, Windows Phone und BlackBerry.<\/p>\n<p>Ausgangspunkt ist ein Menge von JavaScript-, CSS-, XML- und HTML-Dateien. Daraus entstehen mit Hilfe von <a title=\"Cordova\" href=\"http:\/\/cordova.apache.org\/\" target=\"_blank\">Cordova<\/a> die Mobilen- und unter der Verwendung von <s><a title=\"AppJS\" href=\"http:\/\/appjs.org\/\" target=\"_blank\">AppJS<\/a><\/s> <a title=\"nwjs\" href=\"http:\/\/nwjs.io\/\" target=\"_blank\">nwjs<\/a> die Desktop-Varianten.<\/p>\n<h1>Unterst\u00fctzte Plattformen<\/h1>\n<h2>Browser<\/h2>\n<pre>Version: 1.1.0\r\nGetestete Browser: Chromium, Firefox, IE 10 (Windows 8)\r\nURL: <a title=\"Mensa Chemnitz\" href=\"http:\/\/ws.adelberg-online.de\/mensachemnitz\/\" target=\"_blank\">http:\/\/ws.adelberg-online.de\/mensachemnitz\/<\/a><\/pre>\n<h2>webOS<\/h2>\n<pre>Version: 1.0.2\r\nTests: Getestet auf HP Touchpad und HP Veer\r\n<a title=\"App Catalog von HP - Mensa Chemnitz\" href=\"http:\/\/dev.adelberg-online.de\/?p=268\" target=\"_blank\">App Catalog von HP\r\n<\/a>Alternatives Repository: <a href=\"http:\/\/www.webosnation.com\/mensa-chemnitz\">http:\/\/www.webosnation.com\/mensa-chemnitz<\/a><\/pre>\n<h2>Firefox OS<\/h2>\n<pre>Version: 1.0.2\r\nTests: Getestet auf Geeksphone\r\nEingestellt<\/pre>\n<h2>Android<\/h2>\n<pre>Version: 1.1.0\r\nversionCode: je nach Ger\u00e4t\r\nTests: Getestet per Emulator mit Android SDK 4.1, 4.2 und 2.2\r\nf\u00fcr Phones und Tablets sowie auf einzelnen Android Smartphones\r\n<a title=\"Google Play Store\" href=\"https:\/\/play.google.com\/store\/apps\/details?id=org.bja.mensa.chemnitz&amp;feature=search_result#?t=W251bGwsMSwyLDEsIm9yZy5iamEubWVuc2EuY2hlbW5pdHoiXQ..\" target=\"_blank\">Google Play Store<\/a>\r\nAlternatives Repository: <a title=\"Mensa Chemnitz\" href=\"http:\/\/slideme.org\/application\/mensa-chemnitz\" target=\"_blank\">http:\/\/slideme.org\/application\/mensa-chemnitz<\/a><\/pre>\n<h2>BlackBerry 10<\/h2>\n<pre>Version: 1.1.0\r\nTests: Getestet auf BlackBerry Z10 \r\nund BlackBerry Passport Silver Edition<\/pre>\n<h2>Desktop Linux 64bit<\/h2>\n<pre>Version: 1.1.0-3\r\nTests: Getestet unter Ubuntu 14.04 LTS 64bit<\/pre>\n<p>[wpfilebase tag=file id=1 \/]<\/p>\n<h2>Desktop MacOSX 32bit<\/h2>\n<pre>Version: 1.1.0-3\r\nTests: Ungetestet<\/pre>\n<p>[wpfilebase tag=file id=2 \/]<\/p>\n<h2>Desktop MacOSX 64bit<\/h2>\n<pre>Version: 1.1.0-3\r\nTests: Ungetestet<\/pre>\n<p>[wpfilebase tag=file id=7 \/]<\/p>\n<h2>Desktop Windows 32bit<\/h2>\n<pre>Version: 1.1.0-3\r\nTests: Ungetestet<\/pre>\n<p>[wpfilebase tag=file id=3 \/]<\/p>\n<h2>Desktop Windows 64bit<\/h2>\n<pre>Version: 1.1.0-3\r\nTests: Getestet unter Windows 8 64Bit<\/pre>\n<p>[wpfilebase tag=file id=6 \/]<\/p>\n<h2>Desktop Linux 32bit<\/h2>\n<pre>Version: 1.1.0-3\r\nTests: ungetestet<\/pre>\n<p>[wpfilebase tag=file id=4 \/]<\/p>\n<h1>Quellcode<\/h1>\n<p>Die Anwendung steht unter der <a title=\"AGPL\" href=\"http:\/\/www.gnu.org\/licenses\/agpl-3.0.de.html\" target=\"_blank\">Open Source Lizenz GNU Affero General Public License (AGPL)<\/a>. Bereitgestellt wird der Quellcode auf <a title=\"MensaChemnitz\" href=\"https:\/\/github.com\/bjadel\/MensaChemnitz\" target=\"_blank\">GitHub<\/a>.<\/p>\n","protected":false},"excerpt":{"rendered":"<p>Einf\u00fchrung Die Anwendung zeigt den aktuellen Men\u00fc Plan der Mensa Chemnitz an. Mit Hilfe der Pfeiltasten kann zwischen einzelnen Tagen gewechselt werden, wobei der Home-Button wieder zum aktuellem Datum zur\u00fcckf\u00fchrt. \u00dcber den Einstellungen-Button wird die verwendete Mensa konfiguriert. Technische Details Die Anwendung basiert auf dem Enyo Framework und verwendet als Datenquelle den WebService des Studentenwerks [&hellip;]<\/p>\n","protected":false},"author":2,"featured_media":0,"parent":9,"menu_order":0,"comment_status":"closed","ping_status":"open","template":"","meta":{"footnotes":""},"class_list":["post-123","page","type-page","status-publish","hentry"],"_links":{"self":[{"href":"https:\/\/coffee21.de\/index.php?rest_route=\/wp\/v2\/pages\/123","targetHints":{"allow":["GET"]}}],"collection":[{"href":"https:\/\/coffee21.de\/index.php?rest_route=\/wp\/v2\/pages"}],"about":[{"href":"https:\/\/coffee21.de\/index.php?rest_route=\/wp\/v2\/types\/page"}],"author":[{"embeddable":true,"href":"https:\/\/coffee21.de\/index.php?rest_route=\/wp\/v2\/users\/2"}],"replies":[{"embeddable":true,"href":"https:\/\/coffee21.de\/index.php?rest_route=%2Fwp%2Fv2%2Fcomments&post=123"}],"version-history":[{"count":80,"href":"https:\/\/coffee21.de\/index.php?rest_route=\/wp\/v2\/pages\/123\/revisions"}],"predecessor-version":[{"id":432,"href":"https:\/\/coffee21.de\/index.php?rest_route=\/wp\/v2\/pages\/123\/revisions\/432"}],"up":[{"embeddable":true,"href":"https:\/\/coffee21.de\/index.php?rest_route=\/wp\/v2\/pages\/9"}],"wp:attachment":[{"href":"https:\/\/coffee21.de\/index.php?rest_route=%2Fwp%2Fv2%2Fmedia&parent=123"}],"curies":[{"name":"wp","href":"https:\/\/api.w.org\/{rel}","templated":true}]}}