{"id":31,"date":"2011-06-15T08:30:20","date_gmt":"2011-06-15T08:30:20","guid":{"rendered":"http:\/\/dev.adelberg-online.de\/?page_id=31"},"modified":"2012-10-11T21:20:59","modified_gmt":"2012-10-11T21:20:59","slug":"mensa-chemnitz-hd","status":"publish","type":"page","link":"https:\/\/coffee21.de\/?page_id=31","title":{"rendered":"Mensa Chemnitz HD"},"content":{"rendered":"<p>Die Anwendung listet die verschiedenen Essen des aktuellen Tages auf. Per Pfeilbuttons kann man schnell zwischen den einzelnen Tagen wechseln oder \u00fcber ein Datumsauswahlfeld gezielt zu einem Datum springen. Tippt man auf ein Essen innerhalb der Liste erh\u00e4lt man zus\u00e4tzliche Informationen einschlie\u00dflich eines Bildes (falls dieses verf\u00fcgbar ist).<\/p>\n<p><strong>Metadaten<\/strong><\/p>\n<p>Aktuelle Version: 0.1.3<\/p>\n<p><a title=\"Mensa Chemnitz HD\" href=\"https:\/\/developer.palm.com\/appredirect\/?packageid=org.bja.mensa.chemnitz\" target=\"_blank\">HP App Catalog Link<\/a><\/p>\n<p><strong>Changelog<br \/>\n<\/strong><\/p>\n<p>0.1.3:<strong><br \/>\n<\/strong><\/p>\n<ul>\n<li>bugfix release<\/li>\n<\/ul>\n<p>0.1.2:<strong><br \/>\n<\/strong><\/p>\n<ul>\n<li>switch to new webservice schema<\/li>\n<\/ul>\n<p>0.1.1:<strong><br \/>\n<\/strong><\/p>\n<ul>\n<li>made spinners more stable<\/li>\n<li>enhanced the help and setting view<\/li>\n<\/ul>\n<p>0.1.0:<\/p>\n<ul>\n<li>add two spinners<\/li>\n<li>made my popups &#8222;pop&#8220; (thanks to <strong>stri8ed<\/strong>)<\/li>\n<li>error handling when webservice server is not reachable<\/li>\n<\/ul>\n<p>0.0.5:<\/p>\n<ul>\n<li>enhanced the food view<\/li>\n<\/ul>\n<p>0.0.4:<\/p>\n<ul>\n<li>change navigation icons<\/li>\n<li>handle empty list state<\/li>\n<li>when single data groups like food indgredients are not available then hide this group<\/li>\n<\/ul>\n<p>0.0.3:<\/p>\n<ul>\n<li>enhanced the food view and display all data<\/li>\n<\/ul>\n<p>0.0.2:<\/p>\n<ul>\n<li>use palm services in help view<\/li>\n<li>fix index.html (wrong enyo.js path)<\/li>\n<\/ul>\n<p><strong>Roadmap<\/strong><\/p>\n<p>0.1.0:<\/p>\n<ul>\n<li>first stable version<\/li>\n<\/ul>\n<p>0.2.0:<\/p>\n<ul>\n<li>share functionality<\/li>\n<\/ul>\n","protected":false},"excerpt":{"rendered":"<p>Die Anwendung listet die verschiedenen Essen des aktuellen Tages auf. Per Pfeilbuttons kann man schnell zwischen den einzelnen Tagen wechseln oder \u00fcber ein Datumsauswahlfeld gezielt zu einem Datum springen. Tippt man auf ein Essen innerhalb der Liste erh\u00e4lt man zus\u00e4tzliche Informationen einschlie\u00dflich eines Bildes (falls dieses verf\u00fcgbar ist). Metadaten Aktuelle Version: 0.1.3 HP App Catalog [&hellip;]<\/p>\n","protected":false},"author":2,"featured_media":0,"parent":9,"menu_order":1,"comment_status":"open","ping_status":"open","template":"","meta":{"footnotes":""},"class_list":["post-31","page","type-page","status-publish","hentry"],"_links":{"self":[{"href":"https:\/\/coffee21.de\/index.php?rest_route=\/wp\/v2\/pages\/31","targetHints":{"allow":["GET"]}}],"collection":[{"href":"https:\/\/coffee21.de\/index.php?rest_route=\/wp\/v2\/pages"}],"about":[{"href":"https:\/\/coffee21.de\/index.php?rest_route=\/wp\/v2\/types\/page"}],"author":[{"embeddable":true,"href":"https:\/\/coffee21.de\/index.php?rest_route=\/wp\/v2\/users\/2"}],"replies":[{"embeddable":true,"href":"https:\/\/coffee21.de\/index.php?rest_route=%2Fwp%2Fv2%2Fcomments&post=31"}],"version-history":[{"count":30,"href":"https:\/\/coffee21.de\/index.php?rest_route=\/wp\/v2\/pages\/31\/revisions"}],"predecessor-version":[{"id":246,"href":"https:\/\/coffee21.de\/index.php?rest_route=\/wp\/v2\/pages\/31\/revisions\/246"}],"up":[{"embeddable":true,"href":"https:\/\/coffee21.de\/index.php?rest_route=\/wp\/v2\/pages\/9"}],"wp:attachment":[{"href":"https:\/\/coffee21.de\/index.php?rest_route=%2Fwp%2Fv2%2Fmedia&parent=31"}],"curies":[{"name":"wp","href":"https:\/\/api.w.org\/{rel}","templated":true}]}}