{"id":4,"date":"2010-12-06T14:25:17","date_gmt":"2010-12-06T14:25:17","guid":{"rendered":"http:\/\/dev.adelberg-online.de\/?page_id=4"},"modified":"2021-12-20T18:37:45","modified_gmt":"2021-12-20T17:37:45","slug":"impressum","status":"publish","type":"page","link":"https:\/\/coffee21.de\/?page_id=4","title":{"rendered":"Impressum"},"content":{"rendered":"\n<h2 class=\"wp-block-heading\">Kontakt<\/h2>\n\n\n\n<p>Bj\u00f6rn Adelberg<br>Hainstr. 87<br>09130 Chemnitz<br>Deutschland<\/p>\n\n\n\n<p>USt-IdNr.: DE331549004<\/p>\n\n\n\n<p>E-Mail: bjawebos@adelberg-online.de<\/p>\n\n\n\n<p>Inhaltlich Verantwortlicher gem\u00e4\u00df \u00a7 10 Absatz 3 MDStV: Bj\u00f6rn Adelberg (Anschrift wie oben)<\/p>\n\n\n\n<h2 class=\"wp-block-heading\">Jugendschutzbeauftragter<\/h2>\n\n\n\n<p>Bj\u00f6rn Adelberg (Anschrift wie oben)<\/p>\n\n\n\n<h2 class=\"wp-block-heading\">Haftungshinweis<\/h2>\n\n\n\n<p>Trotz sorgf\u00e4ltiger inhaltlicher Kontrolle \u00fcbernehme ich keine Haftung f\u00fcr die Inhalte externer Links. F\u00fcr den Inhalt der verlinkten Seiten sind ausschlie\u00dflich deren Betreiber verantwortlich.<\/p>\n","protected":false},"excerpt":{"rendered":"<p>Kontakt Bj\u00f6rn AdelbergHainstr. 8709130 ChemnitzDeutschland USt-IdNr.: DE331549004 E-Mail: bjawebos@adelberg-online.de Inhaltlich Verantwortlicher gem\u00e4\u00df \u00a7 10 Absatz 3 MDStV: Bj\u00f6rn Adelberg (Anschrift wie oben) Jugendschutzbeauftragter Bj\u00f6rn Adelberg (Anschrift wie oben) Haftungshinweis Trotz sorgf\u00e4ltiger inhaltlicher Kontrolle \u00fcbernehme ich keine Haftung f\u00fcr die Inhalte externer Links. F\u00fcr den Inhalt der verlinkten Seiten sind ausschlie\u00dflich deren Betreiber verantwortlich.<\/p>\n","protected":false},"author":1,"featured_media":0,"parent":0,"menu_order":100,"comment_status":"closed","ping_status":"closed","template":"","meta":{"footnotes":""},"class_list":["post-4","page","type-page","status-publish","hentry"],"_links":{"self":[{"href":"https:\/\/coffee21.de\/index.php?rest_route=\/wp\/v2\/pages\/4","targetHints":{"allow":["GET"]}}],"collection":[{"href":"https:\/\/coffee21.de\/index.php?rest_route=\/wp\/v2\/pages"}],"about":[{"href":"https:\/\/coffee21.de\/index.php?rest_route=\/wp\/v2\/types\/page"}],"author":[{"embeddable":true,"href":"https:\/\/coffee21.de\/index.php?rest_route=\/wp\/v2\/users\/1"}],"replies":[{"embeddable":true,"href":"https:\/\/coffee21.de\/index.php?rest_route=%2Fwp%2Fv2%2Fcomments&post=4"}],"version-history":[{"count":17,"href":"https:\/\/coffee21.de\/index.php?rest_route=\/wp\/v2\/pages\/4\/revisions"}],"predecessor-version":[{"id":667,"href":"https:\/\/coffee21.de\/index.php?rest_route=\/wp\/v2\/pages\/4\/revisions\/667"}],"wp:attachment":[{"href":"https:\/\/coffee21.de\/index.php?rest_route=%2Fwp%2Fv2%2Fmedia&parent=4"}],"curies":[{"name":"wp","href":"https:\/\/api.w.org\/{rel}","templated":true}]}}